{"id":15693,"date":"2025-06-03T23:26:00","date_gmt":"2025-06-03T20:26:00","guid":{"rendered":"https:\/\/ms.atarim.top\/silonit\/?post_type=product&#038;p=15693"},"modified":"2025-08-26T13:27:58","modified_gmt":"2025-08-26T10:27:58","slug":"4-%d7%97%d7%91%d7%99%d7%9c%d7%95%d7%aa-%d7%a7%d7%a4%d7%a1%d7%95%d7%9c%d7%95%d7%aa-%d7%a1%d7%99%d7%9c%d7%95%d7%9f-%d7%92%d7%9c-4-%d7%99%d7%97%d7%99%d7%93%d7%95%d7%aa-%d7%91%d7%90%d7%a8%d7%99%d7%96","status":"publish","type":"product","link":"https:\/\/silonit.co.il\/fr\/produit\/4-%d7%97%d7%91%d7%99%d7%9c%d7%95%d7%aa-%d7%a7%d7%a4%d7%a1%d7%95%d7%9c%d7%95%d7%aa-%d7%a1%d7%99%d7%9c%d7%95%d7%9f-%d7%92%d7%9c-4-%d7%99%d7%97%d7%99%d7%93%d7%95%d7%aa-%d7%91%d7%90%d7%a8%d7%99%d7%96\/","title":{"rendered":"4 paquets de capsules de gel Jet (quatre unit\u00e9s par paquet) \u00e0 acheter s\u00e9par\u00e9ment"},"content":{"rendered":"","protected":false},"excerpt":{"rendered":"<p>La capsule Jet Gel est compatible avec tous les produits Jet. Jet Gel d\u00e9sinfecte la cavit\u00e9 buccale des bact\u00e9ries et des champignons, la rafra\u00eechit et la rince en profondeur, procure une agr\u00e9able sensation de fra\u00eecheur et laisse une agr\u00e9able odeur. Il soigne les infections des gencives et pr\u00e9vient les caries.<\/p>\n<p>&nbsp;<\/p>","protected":false},"featured_media":691,"comment_status":"open","ping_status":"closed","template":"","meta":{"_joinchat":[]},"product_brand":[],"product_cat":[15],"product_tag":[],"class_list":{"0":"post-15693","1":"product","2":"type-product","3":"status-publish","4":"has-post-thumbnail","6":"product_cat-15","8":"first","9":"instock","10":"shipping-taxable","11":"purchasable","12":"product-type-simple"},"_links":{"self":[{"href":"https:\/\/silonit.co.il\/fr\/wp-json\/wp\/v2\/product\/15693","targetHints":{"allow":["GET"]}}],"collection":[{"href":"https:\/\/silonit.co.il\/fr\/wp-json\/wp\/v2\/product"}],"about":[{"href":"https:\/\/silonit.co.il\/fr\/wp-json\/wp\/v2\/types\/product"}],"replies":[{"embeddable":true,"href":"https:\/\/silonit.co.il\/fr\/wp-json\/wp\/v2\/comments?post=15693"}],"wp:featuredmedia":[{"embeddable":true,"href":"https:\/\/silonit.co.il\/fr\/wp-json\/wp\/v2\/media\/691"}],"wp:attachment":[{"href":"https:\/\/silonit.co.il\/fr\/wp-json\/wp\/v2\/media?parent=15693"}],"wp:term":[{"taxonomy":"product_brand","embeddable":true,"href":"https:\/\/silonit.co.il\/fr\/wp-json\/wp\/v2\/product_brand?post=15693"},{"taxonomy":"product_cat","embeddable":true,"href":"https:\/\/silonit.co.il\/fr\/wp-json\/wp\/v2\/product_cat?post=15693"},{"taxonomy":"product_tag","embeddable":true,"href":"https:\/\/silonit.co.il\/fr\/wp-json\/wp\/v2\/product_tag?post=15693"}],"curies":[{"name":"wp","href":"https:\/\/api.w.org\/{rel}","templated":true}]}}