{"id":15692,"date":"2025-06-03T23:24:58","date_gmt":"2025-06-03T20:24:58","guid":{"rendered":"https:\/\/ms.atarim.top\/silonit\/?post_type=product&#038;p=15692"},"modified":"2025-07-09T16:12:26","modified_gmt":"2025-07-09T13:12:26","slug":"%d7%a1%d7%99%d7%9c%d7%95%d7%a0%d7%99%d7%aa-%d7%9e%d7%a9%d7%a4%d7%97%d7%aa%d7%99%d7%aa-%d7%91%d7%97%d7%99%d7%91%d7%95%d7%a8-%d7%a7%d7%91%d7%95%d7%a2","status":"publish","type":"product","link":"https:\/\/silonit.co.il\/fr\/produit\/%d7%a1%d7%99%d7%9c%d7%95%d7%a0%d7%99%d7%aa-%d7%9e%d7%a9%d7%a4%d7%97%d7%aa%d7%99%d7%aa-%d7%91%d7%97%d7%99%d7%91%d7%95%d7%a8-%d7%a7%d7%91%d7%95%d7%a2\/","title":{"rendered":"Jet familial avec correspondance permanente"},"content":{"rendered":"","protected":false},"excerpt":{"rendered":"<p>Pack familial comprenant 3 buses de couleurs diff\u00e9rentes, pour une utilisation par toute la famille. Branchement permanent au robinet de la maison, sans avoir \u00e0 d\u00e9brancher l&#039;appareil apr\u00e8s utilisation. (Les capsules sont disponibles s\u00e9par\u00e9ment ici sur le site web)<\/p>","protected":false},"featured_media":14383,"comment_status":"open","ping_status":"closed","template":"","meta":{"_joinchat":[]},"product_brand":[],"product_cat":[15],"product_tag":[],"class_list":{"0":"post-15692","1":"product","2":"type-product","3":"status-publish","4":"has-post-thumbnail","6":"product_cat-15","8":"first","9":"instock","10":"shipping-taxable","11":"purchasable","12":"product-type-simple"},"_links":{"self":[{"href":"https:\/\/silonit.co.il\/fr\/wp-json\/wp\/v2\/product\/15692","targetHints":{"allow":["GET"]}}],"collection":[{"href":"https:\/\/silonit.co.il\/fr\/wp-json\/wp\/v2\/product"}],"about":[{"href":"https:\/\/silonit.co.il\/fr\/wp-json\/wp\/v2\/types\/product"}],"replies":[{"embeddable":true,"href":"https:\/\/silonit.co.il\/fr\/wp-json\/wp\/v2\/comments?post=15692"}],"wp:featuredmedia":[{"embeddable":true,"href":"https:\/\/silonit.co.il\/fr\/wp-json\/wp\/v2\/media\/14383"}],"wp:attachment":[{"href":"https:\/\/silonit.co.il\/fr\/wp-json\/wp\/v2\/media?parent=15692"}],"wp:term":[{"taxonomy":"product_brand","embeddable":true,"href":"https:\/\/silonit.co.il\/fr\/wp-json\/wp\/v2\/product_brand?post=15692"},{"taxonomy":"product_cat","embeddable":true,"href":"https:\/\/silonit.co.il\/fr\/wp-json\/wp\/v2\/product_cat?post=15692"},{"taxonomy":"product_tag","embeddable":true,"href":"https:\/\/silonit.co.il\/fr\/wp-json\/wp\/v2\/product_tag?post=15692"}],"curies":[{"name":"wp","href":"https:\/\/api.w.org\/{rel}","templated":true}]}}