{"id":15691,"date":"2025-06-03T23:22:54","date_gmt":"2025-06-03T20:22:54","guid":{"rendered":"https:\/\/ms.atarim.top\/silonit\/?post_type=product&#038;p=15691"},"modified":"2025-06-30T12:06:47","modified_gmt":"2025-06-30T09:06:47","slug":"%d7%a1%d7%99%d7%9c%d7%95%d7%a0%d7%99%d7%aa-%d7%9e%d7%a9%d7%a4%d7%97%d7%aa%d7%99%d7%aa-%d7%91%d7%97%d7%99%d7%91%d7%95%d7%a8-%d7%a0%d7%a9%d7%9c%d7%a3","status":"publish","type":"product","link":"https:\/\/silonit.co.il\/fr\/produit\/%d7%a1%d7%99%d7%9c%d7%95%d7%a0%d7%99%d7%aa-%d7%9e%d7%a9%d7%a4%d7%97%d7%aa%d7%99%d7%aa-%d7%91%d7%97%d7%99%d7%91%d7%95%d7%a8-%d7%a0%d7%a9%d7%9c%d7%a3\/","title":{"rendered":"Jet familial avec connexion amovible"},"content":{"rendered":"","protected":false},"excerpt":{"rendered":"<p>Pack familial comprenant 3 buses de couleurs diff\u00e9rentes, pour une utilisation par toute la famille. Raccord amovible au robinet, pour un d\u00e9vissage facile apr\u00e8s chaque utilisation.<\/p>\n<p>Id\u00e9al pour maintenir l&#039;esth\u00e9tique de la salle de bain et du lavabo.<\/p>","protected":false},"featured_media":680,"comment_status":"open","ping_status":"closed","template":"","meta":{"_joinchat":[]},"product_brand":[],"product_cat":[15],"product_tag":[],"class_list":{"0":"post-15691","1":"product","2":"type-product","3":"status-publish","4":"has-post-thumbnail","6":"product_cat-15","8":"first","9":"instock","10":"shipping-taxable","11":"purchasable","12":"product-type-simple"},"_links":{"self":[{"href":"https:\/\/silonit.co.il\/fr\/wp-json\/wp\/v2\/product\/15691","targetHints":{"allow":["GET"]}}],"collection":[{"href":"https:\/\/silonit.co.il\/fr\/wp-json\/wp\/v2\/product"}],"about":[{"href":"https:\/\/silonit.co.il\/fr\/wp-json\/wp\/v2\/types\/product"}],"replies":[{"embeddable":true,"href":"https:\/\/silonit.co.il\/fr\/wp-json\/wp\/v2\/comments?post=15691"}],"wp:featuredmedia":[{"embeddable":true,"href":"https:\/\/silonit.co.il\/fr\/wp-json\/wp\/v2\/media\/680"}],"wp:attachment":[{"href":"https:\/\/silonit.co.il\/fr\/wp-json\/wp\/v2\/media?parent=15691"}],"wp:term":[{"taxonomy":"product_brand","embeddable":true,"href":"https:\/\/silonit.co.il\/fr\/wp-json\/wp\/v2\/product_brand?post=15691"},{"taxonomy":"product_cat","embeddable":true,"href":"https:\/\/silonit.co.il\/fr\/wp-json\/wp\/v2\/product_cat?post=15691"},{"taxonomy":"product_tag","embeddable":true,"href":"https:\/\/silonit.co.il\/fr\/wp-json\/wp\/v2\/product_tag?post=15691"}],"curies":[{"name":"wp","href":"https:\/\/api.w.org\/{rel}","templated":true}]}}