{"id":82,"date":"2025-05-29T00:09:37","date_gmt":"2025-05-28T21:09:37","guid":{"rendered":"https:\/\/ms.atarim.top\/silonit\/?page_id=82"},"modified":"2025-06-09T22:38:18","modified_gmt":"2025-06-09T19:38:18","slug":"%d7%94%d7%9e%d7%a8%d7%a4%d7%90%d7%94","status":"publish","type":"page","link":"https:\/\/silonit.co.il\/fr\/%d7%94%d7%9e%d7%a8%d7%a4%d7%90%d7%94\/","title":{"rendered":"La clinique"},"content":{"rendered":"<p>La clinique dentaire du Dr Benny Cohen, inventeur du jet, est ouverte \u00e0 tous. Fort de plus de 35 ans d&#039;exp\u00e9rience en dentisterie, notamment en r\u00e9habilitation orale, le Dr Benny Cohen examinera le patient et lui fera r\u00e9aliser une radiographie panoramique, gratuitement.<\/p>\n\n\n\n<p>Le Dr Benny Cohen s&#039;occupe principalement de r\u00e9adaptation buccale, y compris des implants dentaires lorsque n\u00e9cessaire, en utilisant une m\u00e9thode unique d&#039;implantation dentaire sans chirurgie (sans ouverture des gencives et points de suture), sans douleur, sans gonflement et sans besoin de r\u00e9cup\u00e9ration.<\/p>\n\n\n\n<p>Contrairement \u00e0 la plupart des cliniques, il n&#039;est plus n\u00e9cessaire d&#039;attendre plusieurs mois entre la pose de l&#039;implant et la gu\u00e9rison compl\u00e8te. Gr\u00e2ce \u00e0 la m\u00e9thode du Dr Benny Cohen, vous pouvez reprendre vos activit\u00e9s habituelles apr\u00e8s le traitement. Imm\u00e9diatement apr\u00e8s la pose de l&#039;implant, vous pouvez manger normalement avec la couronne provisoire. Apr\u00e8s quelques jours, vous la remplacez par une couronne d\u00e9finitive, ce qui met fin au traitement.<\/p>\n\n\n\n<p>Pour prendre rendez-vous, appelez le :&nbsp;<strong>03-6162299<\/strong><\/p>","protected":false},"excerpt":{"rendered":"<p>\u05de\u05e8\u05e4\u05d0\u05ea \u05d4\u05e9\u05d9\u05e0\u05d9\u05d9\u05dd \u05e9\u05dc \u05d3\"\u05e8 \u05d1\u05e0\u05d9 \u05db\u05d4\u05df, \u05de\u05de\u05e6\u05d9\u05d0 \u05d4\u05e1\u05d9\u05dc\u05d5\u05e0\u05d9\u05ea \u05e4\u05ea\u05d5\u05d7\u05d4 \u05dc\u05db\u05dc \u05d4\u05de\u05e2\u05d5\u05e0\u05d9\u05d9\u05df, \u05d3\"\u05e8 \u05d1\u05e0\u05d9 \u05db\u05d4\u05df \u05e9\u05d4\u05d5\u05d0 \u05e8\u05d5\u05e4\u05d0 \u05d1\u05e2\u05dc \u05e0\u05d9\u05e1\u05d9\u05d5\u05df \u05e9\u05dc \u05d9\u05d5\u05ea\u05e8 \u05de-35 \u05e9\u05e0\u05d4 \u05d1\u05e8\u05e4\u05d5\u05d0\u05ea \u05e9\u05d9\u05e0\u05d9\u05d9\u05dd \u05d5\u05d1\u05e4\u05e8\u05d8 \u05d1\u05e9\u05d9\u05e7\u05d5\u05dd \u05d4\u05e4\u05d4 \u05d9\u05d1\u05d3\u05d5\u05e7 \u05d0\u05ea \u05d4\u05e4\u05e6\u05d9\u05d9\u05e0\u05d8 \u05db\u05d5\u05dc\u05dc \u05e6\u05d9\u05dc\u05d5\u05dd \u05e4\u05e0\u05d5\u05e8\u05de\u05d9 \u2013 \u05dc\u05dc\u05d0 \u05ea\u05e9\u05dc\u05d5\u05dd. \u05d3\"\u05e8 \u05d1\u05e0\u05d9 \u05db\u05d4\u05df \u05e2\u05d5\u05e1\u05e7 \u05d1\u05e2\u05d9\u05e7\u05e8 \u05d1\u05e9\u05d9\u05e7\u05d5\u05dd \u05d4\u05e4\u05d4 \u05d4\u05db\u05d5\u05dc\u05dc \u05e9\u05ea\u05dc\u05d9\u05dd \u05d3\u05e0\u05d8\u05dc\u05d9\u05d9\u05dd \u05d1\u05e2\u05ea \u05d4\u05e6\u05d5\u05e8\u05da \u05d1\u05e9\u05d9\u05d8\u05d4 \u05d9\u05d9\u05d7\u05d5\u05d3\u05d9\u05ea \u05e9\u05dc \u05d4\u05e9\u05ea\u05dc\u05ea \u05e9\u05d9\u05e0\u05d9\u05d9\u05dd \u05dc\u05dc\u05d0 \u05e0\u05d9\u05ea\u05d5\u05d7 [&hellip;]<\/p>\n","protected":false},"author":1003,"featured_media":15708,"parent":0,"menu_order":0,"comment_status":"closed","ping_status":"closed","template":"","meta":{"_joinchat":[],"footnotes":""},"class_list":["post-82","page","type-page","status-publish","has-post-thumbnail","hentry"],"_links":{"self":[{"href":"https:\/\/silonit.co.il\/fr\/wp-json\/wp\/v2\/pages\/82","targetHints":{"allow":["GET"]}}],"collection":[{"href":"https:\/\/silonit.co.il\/fr\/wp-json\/wp\/v2\/pages"}],"about":[{"href":"https:\/\/silonit.co.il\/fr\/wp-json\/wp\/v2\/types\/page"}],"author":[{"embeddable":true,"href":"https:\/\/silonit.co.il\/fr\/wp-json\/wp\/v2\/users\/1003"}],"replies":[{"embeddable":true,"href":"https:\/\/silonit.co.il\/fr\/wp-json\/wp\/v2\/comments?post=82"}],"version-history":[{"count":2,"href":"https:\/\/silonit.co.il\/fr\/wp-json\/wp\/v2\/pages\/82\/revisions"}],"predecessor-version":[{"id":15709,"href":"https:\/\/silonit.co.il\/fr\/wp-json\/wp\/v2\/pages\/82\/revisions\/15709"}],"wp:featuredmedia":[{"embeddable":true,"href":"https:\/\/silonit.co.il\/fr\/wp-json\/wp\/v2\/media\/15708"}],"wp:attachment":[{"href":"https:\/\/silonit.co.il\/fr\/wp-json\/wp\/v2\/media?parent=82"}],"curies":[{"name":"wp","href":"https:\/\/api.w.org\/{rel}","templated":true}]}}