{"id":78,"date":"2025-05-29T00:01:51","date_gmt":"2025-05-28T21:01:51","guid":{"rendered":"https:\/\/ms.atarim.top\/silonit\/?page_id=78"},"modified":"2025-06-10T14:24:44","modified_gmt":"2025-06-10T11:24:44","slug":"%d7%94%d7%9e%d7%9c%d7%a6%d7%95%d7%aa","status":"publish","type":"page","link":"https:\/\/silonit.co.il\/fr\/%d7%94%d7%9e%d7%9c%d7%a6%d7%95%d7%aa\/","title":{"rendered":"Recommandations"},"content":{"rendered":"<h2 class=\"wp-block-heading\">Les m\u00e9decins recommandent un jet<\/h2>\n\n\n\n<p><strong>Par : Dr Diamant Cherna<\/strong><\/p>\n\n\n\n<p>L&#039;appareil \u00e0 jet est arriv\u00e9 \u00e0 notre clinique, nous l&#039;avons install\u00e9 et test\u00e9, et avons pu constater \u00e0 quel point il est simple, facile et pratique pour nettoyer les dents et les gencives et maintenir leur sant\u00e9.<br>L&#039;appareil est recommand\u00e9 \u00e0 toute personne int\u00e9ress\u00e9e \u00e0 l&#039;acheter et \u00e0 l&#039;utiliser.<\/p>\n\n\n\n<p>Cordialement,<br>Docteur Diamant Cherna.<br>Diamant Ortho Ltd. 18 rue Jabotinsky, Rishon LeZion.<br>Clinique d&#039;orthodontie et d&#039;esth\u00e9tique (b\u00e2timent Bash-Pel, 4e \u00e9tage) 03-9641023<\/p>\n\n\n\n<hr class=\"wp-block-separator has-alpha-channel-opacity\"\/>\n\n\n\n<p><strong>Par : Dr Zvi Aviram<\/strong><\/p>\n\n\n\n<p>J&#039;ai commenc\u00e9 \u00e0 recommander l&#039;utilisation de l&#039;appareil \u00e0 jet aux patients subissant des implants dentaires, de l&#039;orthodontie et \u00e0 tous les patients.<br>L&#039;appareil simple et pratique aide \u00e0 maintenir une hygi\u00e8ne bucco-dentaire correcte et confortable.<br>Je recommande vivement \u00e0 chaque m\u00e9decin et patient d&#039;essayer et d&#039;appr\u00e9cier.<\/p>\n\n\n\n<p>Cordialement,<br>Docteur Zvi Aviram.<\/p>\n\n\n\n<hr class=\"wp-block-separator has-alpha-channel-opacity\"\/>\n\n\n\n<p><strong>Par : Dr Hawa Edward<\/strong><\/p>\n\n\n\n<p>J&#039;ai commenc\u00e9 \u00e0 recommander l&#039;utilisation de l&#039;appareil \u00e0 jet aux patients apr\u00e8s avoir \u00e9t\u00e9 impressionn\u00e9 par l&#039;efficacit\u00e9 de l&#039;appareil \u00e0 partir de mon exp\u00e9rience personnelle.<br>Recommand\u00e9 aux patients ayant subi divers traitements, tels que des implants, des couronnes et des appareils dentaires.<\/p>\n\n\n\n<p>Hautement recommand\u00e9, merci.<\/p>\n\n\n\n<hr class=\"wp-block-separator has-alpha-channel-opacity\"\/>\n\n\n\n<p><strong>Par : Dr. Amir Gaz<\/strong><\/p>\n\n\n\n<p>Je suis dentiste g\u00e9n\u00e9raliste avec une formation en parodontie\u2026 J\u2019ai rencontr\u00e9 l\u2019appareil \u00e0 jet \u00e0 plusieurs reprises et j\u2019\u00e9tais au d\u00e9part tr\u00e8s sceptique.<br>R\u00e9cemment, un patient est venu me voir apr\u00e8s avoir achet\u00e9 le jet suite \u00e0 la recommandation d&#039;un ami.<br>Le patient souffrait d\u2019une grave maladie des gencives et d\u2019une mauvaise hygi\u00e8ne bucco-dentaire malgr\u00e9 de nombreuses s\u00e9ances d\u2019entra\u00eenement.<br>\u00c0 ma grande surprise, apr\u00e8s avoir utilis\u00e9 l\u2019appareil, j\u2019ai observ\u00e9 un changement significatif dans le niveau d\u2019\u00e9limination de la plaque et une grande am\u00e9lioration dans la disparition de l\u2019inflammation.<br>Depuis lors, je recommande l\u2019appareil et je m\u2019attends \u00e0 une grande am\u00e9lioration chez la plupart des patients.<\/p>\n\n\n\n<hr class=\"wp-block-separator has-alpha-channel-opacity\"\/>\n\n\n\n<p><strong>Par : Dr Fromowitz Ofir<\/strong><\/p>\n\n\n\n<p>Je recommande l\u2019utilisation du jet \u00e0 mes patients depuis de nombreuses ann\u00e9es.<br>L&#039;utilisation quotidienne du jet montre des am\u00e9liorations significatives et de bons r\u00e9sultats dans l&#039;hygi\u00e8ne bucco-dentaire du patient.<br>Am\u00e9liorations notamment dans les grands ponts support\u00e9s par des implants.<br>L\u2019\u00e9tat des gencives s\u2019est am\u00e9lior\u00e9 au point d\u2019\u00eatre m\u00e9connaissable.<\/p>\n\n\n\n<hr class=\"wp-block-separator has-alpha-channel-opacity\"\/>\n\n\n\n<p><strong>Par : Prof. Noah Stern<\/strong><\/p>\n\n\n\n<p>Les patients \u00e0 qui j&#039;ai recommand\u00e9 d&#039;utiliser l&#039;appareil \u00e0 jet sont tr\u00e8s satisfaits de l&#039;appareil.<br>Je constate avec grande satisfaction que leur tableau clinique s\u2019est nettement am\u00e9lior\u00e9 depuis l\u2019utilisation de l\u2019appareil.<\/p>","protected":false},"excerpt":{"rendered":"<p>\u05e8\u05d5\u05e4\u05d0\u05d9\u05dd \u05de\u05de\u05dc\u05d9\u05e6\u05d9\u05dd \u05e2\u05dc \u05e1\u05d9\u05dc\u05d5\u05e0\u05d9\u05ea \u05de\u05d0\u05ea: \u05d3\"\u05e8 \u05d3\u05d9\u05d0\u05de\u05e0\u05d8 \u05e6'\u05e8\u05e0\u05d4 \u05d4\u05de\u05db\u05e9\u05d9\u05e8&nbsp;\u05e1\u05d9\u05dc\u05d5\u05e0\u05d9\u05ea \u05d4\u05d2\u05d9\u05e2 \u05dc\u05de\u05e8\u05e4\u05d0\u05ea\u05e0\u05d5, \u05d4\u05e8\u05db\u05d1\u05e0\u05d5 \u05d5\u05d1\u05d3\u05e7\u05e0\u05d5 \u05d0\u05d5\u05ea\u05d5 \u05d5\u05e0\u05db\u05d7\u05e0\u05d5 \u05dc\u05e8\u05d0\u05d5\u05ea \u05db\u05de\u05d4 \u05e4\u05e9\u05d5\u05d8 \u05e7\u05dc \u05d5\u05e0\u05d5\u05d7 \u05dc\u05e0\u05d9\u05e7\u05d5\u05d9 \u05d4\u05e9\u05d9\u05e0\u05d9\u05d9\u05dd \u05d5\u05d4\u05d7\u05e0\u05d9\u05db\u05d9\u05d9\u05dd \u05d5\u05e2\u05dc \u05e9\u05de\u05d9\u05e8\u05ea \u05d1\u05e8\u05d9\u05d0\u05d5\u05ea\u05dd.\u05d4\u05de\u05db\u05e9\u05d9\u05e8 \u05de\u05d5\u05de\u05dc\u05e5 \u05dc\u05db\u05dc \u05d4\u05de\u05e2\u05d5\u05e0\u05d9\u05df \u05dc\u05e8\u05db\u05d5\u05e9 \u05d5\u05dc\u05d4\u05e9\u05ea\u05de\u05e9. \u05d1\u05d1\u05e8\u05db\u05d4,\u05d3\"\u05e8 \u05d3\u05d9\u05d0\u05de\u05e0\u05d8 \u05e6'\u05e8\u05e0\u05d4.\u05d3\u05d9\u05d0\u05de\u05e0\u05d8 \u05d0\u05d5\u05e8\u05d8\u05d5 \u05d1\u05e2\"\u05de \u05e8\u05d7' \u05d6'\u05d1\u05d5\u05d8\u05d9\u05e0\u05e1\u05e7\u05d9 18, \u05e8\u05d0\u05e9\u05dc\"\u05e6.\u05de\u05e8\u05e4\u05d0\u05d4 \u05dc\u05d9\u05d9\u05e9\u05d5\u05e8 \u05e9\u05d9\u05e0\u05d9\u05d9\u05dd \u05d5\u05d0\u05e1\u05ea\u05d8\u05d9\u05e7\u05d4 (\u05d1\u05e0\u05d9\u05d9\u05df \u05d1\u05e9-\u05e4\u05dc, \u05e7\u05d5\u05de\u05d4 4) 03-9641023 \u05de\u05d0\u05ea: \u05d3\"\u05e8 \u05e6\u05d1\u05d9 \u05d0\u05d1\u05d9\u05e8\u05dd \u05d4\u05ea\u05d7\u05dc\u05ea\u05d9 \u05dc\u05d4\u05de\u05dc\u05d9\u05e5 \u05e2\u05dc [&hellip;]<\/p>\n","protected":false},"author":1003,"featured_media":15713,"parent":0,"menu_order":0,"comment_status":"closed","ping_status":"closed","template":"","meta":{"_joinchat":[],"footnotes":""},"class_list":["post-78","page","type-page","status-publish","has-post-thumbnail","hentry"],"_links":{"self":[{"href":"https:\/\/silonit.co.il\/fr\/wp-json\/wp\/v2\/pages\/78","targetHints":{"allow":["GET"]}}],"collection":[{"href":"https:\/\/silonit.co.il\/fr\/wp-json\/wp\/v2\/pages"}],"about":[{"href":"https:\/\/silonit.co.il\/fr\/wp-json\/wp\/v2\/types\/page"}],"author":[{"embeddable":true,"href":"https:\/\/silonit.co.il\/fr\/wp-json\/wp\/v2\/users\/1003"}],"replies":[{"embeddable":true,"href":"https:\/\/silonit.co.il\/fr\/wp-json\/wp\/v2\/comments?post=78"}],"version-history":[{"count":2,"href":"https:\/\/silonit.co.il\/fr\/wp-json\/wp\/v2\/pages\/78\/revisions"}],"predecessor-version":[{"id":15714,"href":"https:\/\/silonit.co.il\/fr\/wp-json\/wp\/v2\/pages\/78\/revisions\/15714"}],"wp:featuredmedia":[{"embeddable":true,"href":"https:\/\/silonit.co.il\/fr\/wp-json\/wp\/v2\/media\/15713"}],"wp:attachment":[{"href":"https:\/\/silonit.co.il\/fr\/wp-json\/wp\/v2\/media?parent=78"}],"curies":[{"name":"wp","href":"https:\/\/api.w.org\/{rel}","templated":true}]}}