{"id":74,"date":"2025-05-29T00:00:06","date_gmt":"2025-05-28T21:00:06","guid":{"rendered":"https:\/\/ms.atarim.top\/silonit\/?page_id=74"},"modified":"2025-06-08T23:36:50","modified_gmt":"2025-06-08T20:36:50","slug":"%d7%a1%d7%99%d7%9c%d7%95%d7%a0%d7%99%d7%aa-%d7%94%d7%9e%d7%a7%d7%95%d7%a8%d7%99%d7%aa","status":"publish","type":"page","link":"https:\/\/silonit.co.il\/fr\/%d7%a1%d7%99%d7%9c%d7%95%d7%a0%d7%99%d7%aa-%d7%94%d7%9e%d7%a7%d7%95%d7%a8%d7%99%d7%aa\/","title":{"rendered":"Le jet d&#039;origine"},"content":{"rendered":"<p>Le nom \u00ab\u00a0Jet\u00a0\u00bb est une marque d\u00e9pos\u00e9e du Dr Benny Cohen. Aujourd&#039;hui, apr\u00e8s avoir \u00e9t\u00e9 utilis\u00e9 par environ un million de consommateurs en Isra\u00ebl, le Jet est \u00e9galement une marque offrant un service client exemplaire. Le Jet du Dr Benny Cohen est recommand\u00e9 par 99% par deux m\u00e9decins qui ont constat\u00e9 les r\u00e9sultats de l&#039;appareil. De plus, une \u00e9tude men\u00e9e \u00e0 l&#039;h\u00f4pital Rambam a \u00e9t\u00e9 si concluante qu&#039;une revue m\u00e9dicale am\u00e9ricaine (QUINTESSENCE INTERNATIONAL, vol.\u00a046, num\u00e9ro\u00a02, f\u00e9vrier\u00a02015) a jug\u00e9 opportun de la publier, expliquant que, selon elle, ces r\u00e9sultats sont si bons pour deux raisons\u00a0: les caract\u00e9ristiques sp\u00e9cifiques du jet produit par le Jet et la possibilit\u00e9 d&#039;y placer un gel antiseptique adh\u00e9rant aux tissus. Les caract\u00e9ristiques du Jet sont le fruit de d\u00e9cennies de travail du Dr Benny Cohen, qui les a am\u00e9lior\u00e9es gr\u00e2ce \u00e0 des recherches cliniques men\u00e9es dans sa clinique priv\u00e9e pendant de nombreuses ann\u00e9es.<\/p>\n\n\n\n<p>Le jet est fabriqu\u00e9 dans l&#039;usine du Dr Benny Cohen \u00e0 Bnei Brak et non en Chine, afin de garantir la qualit\u00e9 rigoureuse du produit, actuellement reconnu comme un produit m\u00e9dical par le minist\u00e8re isra\u00e9lien de la Sant\u00e9. Toutes les buses (pi\u00e8ces qui composent le jet) sont soumises \u00e0 un contr\u00f4le qualit\u00e9 rigoureux et test\u00e9es une par une sous pression d&#039;eau par l&#039;\u00e9quipe afin de pr\u00e9server l&#039;unicit\u00e9 du jet. Toute buse ne r\u00e9pondant pas aux crit\u00e8res pr\u00e9d\u00e9termin\u00e9s (d\u00e9finis comme un secret commercial) est disqualifi\u00e9e.<\/p>\n\n\n\n<p>Malheureusement, de nombreuses imitations chinoises ont pouss\u00e9 comme des champignons apr\u00e8s la pluie pour tenter de profiter de l&#039;efficacit\u00e9 de l&#039;appareil \u00e0 jet, certaines d&#039;entre elles trompant m\u00eame le consommateur et utilisant notre marque ill\u00e9galement, c&#039;est pourquoi nous avons r\u00e9cemment commenc\u00e9 \u00e0 ajouter un hologramme \u00e0 l&#039;emballage.<\/p>\n\n\n\n<p>Il va sans dire que les imitations mentionn\u00e9es ci-dessus sont inefficaces. Nous rencontrons souvent des clients d\u00e9\u00e7us au service client, se plaignant d&#039;avoir \u00e9t\u00e9 tromp\u00e9s en achetant un produit qui ne fait pas ce qu&#039;il pr\u00e9tend faire, pour finalement acheter le jet d&#039;origine et obtenir les r\u00e9sultats escompt\u00e9s.<\/p>","protected":false},"excerpt":{"rendered":"<p>\u05d4\u05e9\u05dd \"\u05e1\u05d9\u05dc\u05d5\u05e0\u05d9\u05ea \" \u05d4\u05d9\u05e0\u05d5 \u05e1\u05d9\u05de\u05df \u05de\u05e1\u05d7\u05e8 \u05e8\u05e9\u05d5\u05dd \u05e9\u05dc \u05d3\"\u05e8 \u05d1\u05e0\u05d9 \u05db\u05d4\u05df. \u05d5\u05d4\u05d9\u05d5\u05dd \u05d0\u05d7\u05e8\u05d9 \u05e9\u05db\u05de\u05d9\u05dc\u05d9\u05d5\u05df \u05e6\u05e8\u05db\u05e0\u05d9\u05dd \u05d1\u05d0\u05e8\u05e5 \u05de\u05e9\u05ea\u05de\u05e9\u05d9\u05dd \u05d1\u05e1\u05d9\u05dc\u05d5\u05e0\u05d9\u05ea \u05d4\u05d9\u05e0\u05d5 \u05d2\u05dd \u05de\u05d5\u05ea\u05d2 \u05e2\u05dd \u05e9\u05d9\u05e8\u05d5\u05ea \u05dc\u05e7\u05d5\u05d7\u05d5\u05ea \u05dc\u05de\u05d5\u05e4\u05ea. \u05d4\u05e1\u05d9\u05dc\u05d5\u05e0\u05d9\u05ea \u05e9\u05dc \u05d3\"\u05e8 \u05d1\u05e0\u05d9 \u05db\u05d4\u05df \u05de\u05d5\u05de\u05dc\u05e5 \u05e2\"\u05d9 99% \u05de\u05d4\u05e8\u05d5\u05e4\u05d0 \u05e9\u05e0\u05d9\u05d9\u05dd \u05e9\u05e8\u05d0\u05d5 \u05d1\u05e2\u05e6\u05de\u05dd \u05d0\u05ea \u05ea\u05d5\u05e6\u05d0\u05d5\u05ea \u05d4\u05de\u05db\u05e9\u05d9\u05e8. \u05d1\u05e0\u05d5\u05e1\u05e3 \u05d1\u05d5\u05e6\u05e2 \u05de\u05d7\u05e7\u05e8 \u05d1\u05d1\u05d9\u05ea \u05d7\u05d5\u05dc\u05d9\u05dd \u05e8\u05de\u05d1\"\u05dd \u05e9\u05ea\u05d5\u05e6\u05d0\u05d5\u05ea\u05d9\u05d5 \u05d4\u05d9\u05d5 \u05db\u05d4 \u05de\u05d5\u05e6\u05dc\u05d7\u05d5\u05ea \u05e9\u05de\u05d2\u05d6\u05d9\u05df \u05de\u05e7\u05e6\u05d5\u05e2\u05d9 \u05d1\u05e8\u05e4\u05d5\u05d0\u05ea \u05e9\u05e0\u05d9\u05d9\u05dd \u05d1\u05d0\u05e8\u05e6\u05d5\u05ea [&hellip;]<\/p>\n","protected":false},"author":1003,"featured_media":517,"parent":0,"menu_order":0,"comment_status":"closed","ping_status":"closed","template":"","meta":{"_joinchat":[],"footnotes":""},"class_list":["post-74","page","type-page","status-publish","has-post-thumbnail","hentry"],"_links":{"self":[{"href":"https:\/\/silonit.co.il\/fr\/wp-json\/wp\/v2\/pages\/74","targetHints":{"allow":["GET"]}}],"collection":[{"href":"https:\/\/silonit.co.il\/fr\/wp-json\/wp\/v2\/pages"}],"about":[{"href":"https:\/\/silonit.co.il\/fr\/wp-json\/wp\/v2\/types\/page"}],"author":[{"embeddable":true,"href":"https:\/\/silonit.co.il\/fr\/wp-json\/wp\/v2\/users\/1003"}],"replies":[{"embeddable":true,"href":"https:\/\/silonit.co.il\/fr\/wp-json\/wp\/v2\/comments?post=74"}],"version-history":[{"count":2,"href":"https:\/\/silonit.co.il\/fr\/wp-json\/wp\/v2\/pages\/74\/revisions"}],"predecessor-version":[{"id":15706,"href":"https:\/\/silonit.co.il\/fr\/wp-json\/wp\/v2\/pages\/74\/revisions\/15706"}],"wp:featuredmedia":[{"embeddable":true,"href":"https:\/\/silonit.co.il\/fr\/wp-json\/wp\/v2\/media\/517"}],"wp:attachment":[{"href":"https:\/\/silonit.co.il\/fr\/wp-json\/wp\/v2\/media?parent=74"}],"curies":[{"name":"wp","href":"https:\/\/api.w.org\/{rel}","templated":true}]}}