{"id":72,"date":"2025-05-28T23:47:13","date_gmt":"2025-05-28T20:47:13","guid":{"rendered":"https:\/\/ms.atarim.top\/silonit\/?page_id=72"},"modified":"2025-06-16T23:28:52","modified_gmt":"2025-06-16T20:28:52","slug":"%d7%a1%d7%99%d7%9c%d7%95%d7%9f-%d7%92%d7%9c","status":"publish","type":"page","link":"https:\/\/silonit.co.il\/fr\/%d7%a1%d7%99%d7%9c%d7%95%d7%9f-%d7%92%d7%9c\/","title":{"rendered":"Jet de gel"},"content":{"rendered":"<figure class=\"wp-block-image size-full\"><img loading=\"lazy\" decoding=\"async\" width=\"652\" height=\"184\" src=\"https:\/\/ms.atarim.top\/silonit\/wp-content\/uploads\/sites\/31\/2017\/03\/silonitgeltooth.png\" alt=\"\" class=\"wp-image-370\" srcset=\"https:\/\/silonit.co.il\/wp-content\/uploads\/sites\/31\/2017\/03\/silonitgeltooth.png 652w, https:\/\/silonit.co.il\/wp-content\/uploads\/sites\/31\/2017\/03\/silonitgeltooth-300x85.png 300w, https:\/\/silonit.co.il\/wp-content\/uploads\/sites\/31\/2017\/03\/silonitgeltooth-600x169.png 600w\" sizes=\"auto, (max-width: 652px) 100vw, 652px\" \/><\/figure>\n\n\n\n<p>Le jet de gel rafra\u00eechit la cavit\u00e9 buccale, la rince en profondeur, garde les dents propres, cr\u00e9e une merveilleuse sensation de fra\u00eecheur et laisse une bonne odeur dans la bouche.<\/p>\n\n\n\n<p>De plus, le dispositif \u00e0 jet combin\u00e9 \u00e0 la capsule de gel permet de pr\u00e9venir diverses l\u00e9sions autour des implants, contribuant ainsi \u00e0 un bon entretien bucco-dentaire, ce qui peut prolonger la dur\u00e9e de vie de l&#039;implant.<\/p>\n\n\n\n<p>Une \u00e9tude men\u00e9e \u00e0 l&#039;h\u00f4pital Rambam montre que l&#039;utilisation du dispositif \u00e0 jet en combinaison avec la capsule de gel contenant de la CHLORHEXIDINE a r\u00e9duit de mani\u00e8re significative la profondeur des poches autour des implants dans le groupe exp\u00e9rimental et a r\u00e9duit de mani\u00e8re significative les saignements.<\/p>\n\n\n\n<p>La capsule de gel contenant la substance HEXETIDINE est une excellente alternative \u00e0 la CHLORHEXIDINE comme antiseptique (selon les \u00e9tudes).<\/p>","protected":false},"excerpt":{"rendered":"<p>\u05d4\u05e1\u05d9\u05dc\u05d5\u05df \u05d2'\u05dc \u05de\u05e8\u05e2\u05e0\u05df \u05d0\u05ea \u05d7\u05dc\u05dc \u05d4\u05e4\u05d4, \u05e9\u05d5\u05d8\u05e3 \u05d0\u05d5\u05ea\u05d5 \u05d1\u05d0\u05d5\u05e4\u05df \u05d9\u05e1\u05d5\u05d3\u05d9, \u05e9\u05d5\u05de\u05e8 \u05e2\u05dc \u05e0\u05d9\u05e7\u05d9\u05d5\u05df \u05d4\u05e9\u05d9\u05e0\u05d9\u05d9\u05dd, \u05d9\u05d5\u05e6\u05e8 \u05ea\u05d7\u05d5\u05e9\u05ea \u05e8\u05e2\u05e0\u05e0\u05d5\u05ea \u05e0\u05d4\u05d3\u05e8\u05ea \u05d5\u05de\u05e9\u05d0\u05d9\u05e8 \u05e8\u05d9\u05d7 \u05d8\u05d5\u05d1 \u05d1\u05d7\u05dc\u05dc \u05d4\u05e4\u05d4. \u05db\u05de\u05d5 \u05db\u05df, \u05de\u05db\u05e9\u05d9\u05e8 \u05d4\u05e1\u05d9\u05dc\u05d5\u05e0\u05d9\u05ea \u05d1\u05e9\u05d9\u05dc\u05d5\u05d1 \u05e7\u05e4\u05e1\u05d5\u05dc\u05ea \u05d4\u05d2'\u05dc \u05de\u05e1\u05d9\u05d9\u05e2 \u05d1\u05de\u05e0\u05d9\u05e2\u05ea \u05e0\u05d2\u05e2\u05d9\u05dd \u05e9\u05d5\u05e0\u05d9\u05dd \u05e1\u05d1\u05d9\u05d1 \u05d4\u05e9\u05ea\u05dc\u05d9\u05dd \u05d5\u05d1\u05db\u05da \u05ea\u05d5\u05e8\u05dd \u05dc\u05ea\u05d7\u05d6\u05d5\u05e7\u05d4 \u05d8\u05d5\u05d1\u05d4 \u05e9\u05dc \u05d4\u05e4\u05d4 \u05de\u05d4 \u05e9\u05e2\u05e9\u05d5\u05d9 \u05dc\u05d4\u05d0\u05e8\u05d9\u05da \u05d0\u05ea \u05d7\u05d9\u05d9 \u05d4\u05e9\u05ea\u05dc. \u05de\u05de\u05d7\u05e7\u05e8 \u05e9\u05e0\u05e2\u05e8\u05da \u05d1\u05d1\u05d9\u05ea \u05d4\u05d7\u05d5\u05dc\u05d9\u05dd \u05e8\u05de\u05d1\"\u05dd \u05e2\u05d5\u05dc\u05d4, \u05db\u05d9 [&hellip;]<\/p>\n","protected":false},"author":1003,"featured_media":372,"parent":0,"menu_order":0,"comment_status":"closed","ping_status":"closed","template":"","meta":{"_joinchat":[],"footnotes":""},"class_list":["post-72","page","type-page","status-publish","has-post-thumbnail","hentry"],"_links":{"self":[{"href":"https:\/\/silonit.co.il\/fr\/wp-json\/wp\/v2\/pages\/72","targetHints":{"allow":["GET"]}}],"collection":[{"href":"https:\/\/silonit.co.il\/fr\/wp-json\/wp\/v2\/pages"}],"about":[{"href":"https:\/\/silonit.co.il\/fr\/wp-json\/wp\/v2\/types\/page"}],"author":[{"embeddable":true,"href":"https:\/\/silonit.co.il\/fr\/wp-json\/wp\/v2\/users\/1003"}],"replies":[{"embeddable":true,"href":"https:\/\/silonit.co.il\/fr\/wp-json\/wp\/v2\/comments?post=72"}],"version-history":[{"count":2,"href":"https:\/\/silonit.co.il\/fr\/wp-json\/wp\/v2\/pages\/72\/revisions"}],"predecessor-version":[{"id":15748,"href":"https:\/\/silonit.co.il\/fr\/wp-json\/wp\/v2\/pages\/72\/revisions\/15748"}],"wp:featuredmedia":[{"embeddable":true,"href":"https:\/\/silonit.co.il\/fr\/wp-json\/wp\/v2\/media\/372"}],"wp:attachment":[{"href":"https:\/\/silonit.co.il\/fr\/wp-json\/wp\/v2\/media?parent=72"}],"curies":[{"name":"wp","href":"https:\/\/api.w.org\/{rel}","templated":true}]}}