{"id":68,"date":"2025-05-28T23:45:36","date_gmt":"2025-05-28T20:45:36","guid":{"rendered":"https:\/\/ms.atarim.top\/silonit\/?page_id=68"},"modified":"2025-07-09T17:09:51","modified_gmt":"2025-07-09T14:09:51","slug":"%d7%94%d7%95%d7%a8%d7%90%d7%95%d7%aa-%d7%94%d7%aa%d7%a7%d7%a0%d7%94","status":"publish","type":"page","link":"https:\/\/silonit.co.il\/fr\/%d7%94%d7%95%d7%a8%d7%90%d7%95%d7%aa-%d7%94%d7%aa%d7%a7%d7%a0%d7%94\/","title":{"rendered":"Instructions d&#039;installation"},"content":{"rendered":"<p>Si le diam\u00e8tre du robinet ne correspond pas au diam\u00e8tre de l&#039;adaptateur,<br>Veuillez envoyer une photo sur WhatsApp : 052-3011-761 et nous vous r\u00e9pondrons.<br>Un adaptateur unique et l&#039;exp\u00e9dition seront fournis \u00e0 un prix r\u00e9duit si n\u00e9cessaire.<\/p>","protected":false},"excerpt":{"rendered":"<p>Si le diam\u00e8tre du robinet ne correspond pas \u00e0 celui de l&#039;adaptateur, veuillez envoyer une photo sur WhatsApp au 052-3011-761 et nous vous r\u00e9pondrons. Un adaptateur personnalis\u00e9 et les frais d&#039;exp\u00e9dition seront fournis \u00e0 un tarif r\u00e9duit si n\u00e9cessaire.<\/p>","protected":false},"author":1003,"featured_media":562,"parent":0,"menu_order":0,"comment_status":"closed","ping_status":"closed","template":"","meta":{"_joinchat":[],"footnotes":""},"class_list":["post-68","page","type-page","status-publish","has-post-thumbnail","hentry"],"_links":{"self":[{"href":"https:\/\/silonit.co.il\/fr\/wp-json\/wp\/v2\/pages\/68","targetHints":{"allow":["GET"]}}],"collection":[{"href":"https:\/\/silonit.co.il\/fr\/wp-json\/wp\/v2\/pages"}],"about":[{"href":"https:\/\/silonit.co.il\/fr\/wp-json\/wp\/v2\/types\/page"}],"author":[{"embeddable":true,"href":"https:\/\/silonit.co.il\/fr\/wp-json\/wp\/v2\/users\/1003"}],"replies":[{"embeddable":true,"href":"https:\/\/silonit.co.il\/fr\/wp-json\/wp\/v2\/comments?post=68"}],"version-history":[{"count":3,"href":"https:\/\/silonit.co.il\/fr\/wp-json\/wp\/v2\/pages\/68\/revisions"}],"predecessor-version":[{"id":15754,"href":"https:\/\/silonit.co.il\/fr\/wp-json\/wp\/v2\/pages\/68\/revisions\/15754"}],"wp:featuredmedia":[{"embeddable":true,"href":"https:\/\/silonit.co.il\/fr\/wp-json\/wp\/v2\/media\/562"}],"wp:attachment":[{"href":"https:\/\/silonit.co.il\/fr\/wp-json\/wp\/v2\/media?parent=68"}],"curies":[{"name":"wp","href":"https:\/\/api.w.org\/{rel}","templated":true}]}}