{"id":66,"date":"2025-05-28T23:39:00","date_gmt":"2025-05-28T20:39:00","guid":{"rendered":"https:\/\/ms.atarim.top\/silonit\/?page_id=66"},"modified":"2025-06-08T21:56:30","modified_gmt":"2025-06-08T18:56:30","slug":"%d7%90%d7%95%d7%93%d7%95%d7%aa%d7%99%d7%a0%d7%95","status":"publish","type":"page","link":"https:\/\/silonit.co.il\/fr\/%d7%90%d7%95%d7%93%d7%95%d7%aa%d7%99%d7%a0%d7%95\/","title":{"rendered":"\u00c0 propos de nous"},"content":{"rendered":"<h1 class=\"wp-block-heading\">\u00c0 propos de Silonit<\/h1>\n\n\n\n<h3 class=\"wp-block-heading\"><strong>Jet<\/strong><\/h3>\n\n\n\n<p>Le kit jet est un d\u00e9veloppement de la soci\u00e9t\u00e9 Dechutan, fond\u00e9e par le dentiste Dr Benny Cohen en 2006.<br>L&#039;objectif de l&#039;entreprise est de fournir \u00e0 l&#039;ensemble de la population des solutions avanc\u00e9es et de haute qualit\u00e9 pour maintenir l&#039;hygi\u00e8ne bucco-dentaire, pr\u00e9venant ainsi les infections, les maladies, les douleurs ou les mauvaises odeurs de la bouche, et m\u00eame les traiter.<br>Les nombreuses \u00e9tudes men\u00e9es par le Dr Cohen ont d\u00e9montr\u00e9 qu&#039;en compl\u00e9ment d&#039;un brossage m\u00e9ticuleux, le simple fait d&#039;\u00e9liminer tous les d\u00e9bris alimentaires des gencives, des dents et des espaces interdentaires permet de prot\u00e9ger les implants existants, de pr\u00e9venir le d\u00e9veloppement de caries et de pr\u00e9venir tout autre probl\u00e8me bucco-dentaire. C&#039;est dans ce but qu&#039;a \u00e9t\u00e9 d\u00e9velopp\u00e9 le produit Jet.<\/p>\n\n\n\n<h3 class=\"wp-block-heading\"><strong>Comment \u00e7a marche ?<\/strong><\/h3>\n\n\n\n<p>Un jet est un appareil sophistiqu\u00e9 dot\u00e9 d&#039;une buse qui se connecte \u00e0 votre robinet d&#039;eau et produit un jet d&#039;eau fin et pr\u00e9cis qui nettoie en profondeur vos dents, vos gencives et les espaces interdentaires. C&#039;est le seul appareil au monde \u00e0 offrir des r\u00e9sultats scientifiquement prouv\u00e9s pour restaurer une bonne hygi\u00e8ne bucco-dentaire.<br>Connecter le jet \u00e0 votre robinet domestique est simple, l&#039;utilisation de l&#039;appareil est facile et conviviale, et les r\u00e9sultats parlent d&#039;eux-m\u00eames en peu de temps.<br>L&#039;appareil \u00e0 jet est actuellement distribu\u00e9 \u00e0 des milliers de dentistes et d&#039;hygi\u00e9nistes, ainsi qu&#039;\u00e0 la plupart des cha\u00eenes pharmaceutiques, pharmacies et caisses d&#039;assurance maladie en Isra\u00ebl, ainsi qu&#039;\u00e0 de nombreux pays \u00e0 l&#039;\u00e9tranger.<br>L&#039;appareil peut \u00eatre achet\u00e9 dans l&#039;un des endroits mentionn\u00e9s ci-dessus, ainsi qu&#039;ici sur le site Web ou dans les bureaux de l&#039;entreprise.<br>La soci\u00e9t\u00e9 Dakotan continue constamment de rechercher l&#039;hygi\u00e8ne bucco-dentaire et de d\u00e9velopper de plus en plus d&#039;innovations et de mises \u00e0 jour du jet et en g\u00e9n\u00e9ral.<\/p>","protected":false},"excerpt":{"rendered":"<p>\u05d0\u05d5\u05d3\u05d5\u05ea \u05e1\u05d9\u05dc\u05d5\u05e0\u05d9\u05ea \u05e1\u05d9\u05dc\u05d5\u05e0\u05d9\u05ea \u05e2\u05e8\u05db\u05ea \u05d4\u05e1\u05d9\u05dc\u05d5\u05e0\u05d9\u05ea \u05d4\u05d9\u05d0 \u05e4\u05e8\u05d9 \u05e4\u05d9\u05ea\u05d5\u05d7 \u05e9\u05dc \u05d7\u05d1\u05e8\u05ea \u05d3\u05db\u05d5\u05d8\u05df, \u05e9\u05d4\u05d5\u05e7\u05de\u05d4 \u05e2\u05dc \u05d9\u05d3\u05d9 \u05e8\u05d5\u05e4\u05d0 \u05d4\u05e9\u05d9\u05e0\u05d9\u05d9\u05dd \u05d3\"\u05e8 \u05d1\u05e0\u05d9 \u05db\u05d4\u05df, \u05d1\u05e9\u05e0\u05ea 2006.\u05de\u05d8\u05e8\u05ea \u05d4\u05d7\u05d1\u05e8\u05d4 \u05dc\u05e1\u05e4\u05e7 \u05dc\u05db\u05dc\u05dc \u05d4\u05d0\u05d5\u05db\u05dc\u05d5\u05e1\u05d9\u05d9\u05d4 \u05e4\u05ea\u05e8\u05d5\u05e0\u05d5\u05ea \u05de\u05ea\u05e7\u05d3\u05de\u05d9\u05dd \u05d5\u05d0\u05d9\u05db\u05d5\u05ea\u05d9\u05d9\u05dd \u05dc\u05e9\u05de\u05d9\u05e8\u05d4 \u05e2\u05dc \u05d4\u05d9\u05d2\u05d9\u05d9\u05e0\u05ea \u05d4\u05e4\u05d4, \u05d5\u05d1\u05db\u05da \u05dc\u05de\u05e0\u05d5\u05e2 \u05d3\u05dc\u05e7\u05d5\u05ea, \u05de\u05d7\u05dc\u05d5\u05ea, \u05db\u05d0\u05d1\u05d9\u05dd, \u05d0\u05d5 \u05e8\u05d9\u05d7 \u05dc\u05d0 \u05e0\u05e2\u05d9\u05dd \u05de\u05d4\u05e4\u05d4, \u05d5\u05d0\u05e3 \u05dc\u05d8\u05e4\u05dc \u05d1\u05d4\u05dd.\u05d4\u05de\u05d7\u05e7\u05e8\u05d9\u05dd \u05d4\u05e8\u05d1\u05d9\u05dd \u05e9\u05d1\u05d9\u05e6\u05e2 \u05d3\"\u05e8 \u05db\u05d4\u05df \u05d4\u05e2\u05dc\u05d5 \u05db\u05d9 \u05d1\u05e0\u05d5\u05e1\u05e3 \u05dc\u05e6\u05d7\u05e6\u05d5\u05d7 \u05e9\u05d9\u05e0\u05d9\u05d9\u05dd \u05e7\u05e4\u05d3\u05e0\u05d9, [&hellip;]<\/p>\n","protected":false},"author":1003,"featured_media":15699,"parent":0,"menu_order":0,"comment_status":"closed","ping_status":"closed","template":"","meta":{"_joinchat":[],"footnotes":""},"class_list":["post-66","page","type-page","status-publish","has-post-thumbnail","hentry"],"_links":{"self":[{"href":"https:\/\/silonit.co.il\/fr\/wp-json\/wp\/v2\/pages\/66","targetHints":{"allow":["GET"]}}],"collection":[{"href":"https:\/\/silonit.co.il\/fr\/wp-json\/wp\/v2\/pages"}],"about":[{"href":"https:\/\/silonit.co.il\/fr\/wp-json\/wp\/v2\/types\/page"}],"author":[{"embeddable":true,"href":"https:\/\/silonit.co.il\/fr\/wp-json\/wp\/v2\/users\/1003"}],"replies":[{"embeddable":true,"href":"https:\/\/silonit.co.il\/fr\/wp-json\/wp\/v2\/comments?post=66"}],"version-history":[{"count":2,"href":"https:\/\/silonit.co.il\/fr\/wp-json\/wp\/v2\/pages\/66\/revisions"}],"predecessor-version":[{"id":15698,"href":"https:\/\/silonit.co.il\/fr\/wp-json\/wp\/v2\/pages\/66\/revisions\/15698"}],"wp:featuredmedia":[{"embeddable":true,"href":"https:\/\/silonit.co.il\/fr\/wp-json\/wp\/v2\/media\/15699"}],"wp:attachment":[{"href":"https:\/\/silonit.co.il\/fr\/wp-json\/wp\/v2\/media?parent=66"}],"curies":[{"name":"wp","href":"https:\/\/api.w.org\/{rel}","templated":true}]}}