{"id":6,"date":"2025-05-27T19:19:42","date_gmt":"2025-05-27T19:19:42","guid":{"rendered":"https:\/\/ms.atarim.top\/silonit\/cart\/"},"modified":"2025-08-26T13:06:43","modified_gmt":"2025-08-26T10:06:43","slug":"cart","status":"publish","type":"page","link":"https:\/\/silonit.co.il\/fr\/cart\/","title":{"rendered":"Panier"},"content":{"rendered":"<div data-block-name=\"woocommerce\/cart\" class=\"wp-block-woocommerce-cart alignwide is-loading\">\n<div data-block-name=\"woocommerce\/filled-cart-block\" class=\"wp-block-woocommerce-filled-cart-block\">\n<div data-block-name=\"woocommerce\/cart-items-block\" class=\"wp-block-woocommerce-cart-items-block\">\n<div data-block-name=\"woocommerce\/cart-line-items-block\" class=\"wp-block-woocommerce-cart-line-items-block\"><\/div>\n\n\n\n<div data-block-name=\"woocommerce\/cart-cross-sells-block\" class=\"wp-block-woocommerce-cart-cross-sells-block\">\n<h2 class=\"wp-block-heading has-large-font-size\">Peut-\u00eatre que les \u00e9l\u00e9ments suivants vous int\u00e9resseront...<\/h2>\n\n\n\n<div data-block-name=\"woocommerce\/cart-cross-sells-products-block\" class=\"wp-block-woocommerce-cart-cross-sells-products-block\"><\/div>\n<\/div>\n<\/div>\n\n\n\n<div data-block-name=\"woocommerce\/cart-totals-block\" class=\"wp-block-woocommerce-cart-totals-block\">\n<div data-block-name=\"woocommerce\/cart-order-summary-block\" class=\"wp-block-woocommerce-cart-order-summary-block\">\n<div data-block-name=\"woocommerce\/cart-order-summary-heading-block\" class=\"wp-block-woocommerce-cart-order-summary-heading-block\"><\/div><div data-block-name=\"woocommerce\/cart-order-summary-coupon-form-block\" class=\"wp-block-woocommerce-cart-order-summary-coupon-form-block\"><\/div><div data-block-name=\"woocommerce\/cart-order-summary-totals-block\" class=\"wp-block-woocommerce-cart-order-summary-totals-block\">\n<div data-block-name=\"woocommerce\/cart-order-summary-subtotal-block\" class=\"wp-block-woocommerce-cart-order-summary-subtotal-block\"><\/div>\n<div data-block-name=\"woocommerce\/cart-order-summary-discount-block\" class=\"wp-block-woocommerce-cart-order-summary-discount-block\"><\/div>\n<div data-block-name=\"woocommerce\/cart-order-summary-fee-block\" class=\"wp-block-woocommerce-cart-order-summary-fee-block\"><\/div>\n<div data-block-name=\"woocommerce\/cart-order-summary-shipping-block\" class=\"wp-block-woocommerce-cart-order-summary-shipping-block\"><\/div>\n<div data-block-name=\"woocommerce\/cart-order-summary-taxes-block\" class=\"wp-block-woocommerce-cart-order-summary-taxes-block\"><\/div><\/div>\n<\/div>\n\n\n\n<div data-block-name=\"woocommerce\/cart-express-payment-block\" class=\"wp-block-woocommerce-cart-express-payment-block\"><\/div>\n\n\n\n<div data-block-name=\"woocommerce\/proceed-to-checkout-block\" class=\"wp-block-woocommerce-proceed-to-checkout-block\"><\/div>\n<div id=\"ppcp-recaptcha-v2-container\" style=\"margin:20px 0;\"><\/div>\n\n\n<div data-block-name=\"woocommerce\/cart-accepted-payment-methods-block\" class=\"wp-block-woocommerce-cart-accepted-payment-methods-block\"><\/div>\n<\/div>\n<\/div>\n\n\n\n<div data-block-name=\"woocommerce\/empty-cart-block\" class=\"wp-block-woocommerce-empty-cart-block\">\n<h2 class=\"wp-block-heading has-text-align-center with-empty-cart-icon wc-block-cart__empty-cart__title\">Votre panier est maintenant vide !<\/h2>\n\n\n\n<hr class=\"wp-block-separator has-alpha-channel-opacity is-style-dots\"\/>\n\n\n\n<h2 class=\"wp-block-heading has-text-align-center\">Nouveau en magasin<\/h2>\n\n\n<div data-block-name=\"woocommerce\/product-new\" data-columns=\"4\" data-rows=\"1\" class=\"wc-block-grid wp-block-product-new wp-block-woocommerce-product-new wc-block-product-new has-4-columns\"><ul class=\"wc-block-grid__products\"><li class=\"wc-block-grid__product\">\n\t\t\t\t<a href=\"https:\/\/silonit.co.il\/fr\/produit\/4-%d7%97%d7%91%d7%99%d7%9c%d7%95%d7%aa-%d7%a7%d7%a4%d7%a1%d7%95%d7%9c%d7%95%d7%aa-%d7%a1%d7%99%d7%9c%d7%95%d7%9f-%d7%92%d7%9c-4-%d7%99%d7%97%d7%99%d7%93%d7%95%d7%aa-%d7%91%d7%90%d7%a8%d7%99%d7%96\/\" class=\"wc-block-grid__product-link\">\n\t\t\t\t\t\n\t\t\t\t\t<div class=\"wc-block-grid__product-image\"><img loading=\"lazy\" decoding=\"async\" width=\"300\" height=\"300\" src=\"https:\/\/silonit.co.il\/wp-content\/uploads\/sites\/31\/2017\/03\/4-capsol-1-300x300.png\" class=\"attachment-woocommerce_thumbnail size-woocommerce_thumbnail\" alt=\"4 \u05d7\u05d1\u05d9\u05dc\u05d5\u05ea \u05e7\u05e4\u05e1\u05d5\u05dc\u05d5\u05ea \u05e1\u05d9\u05dc\u05d5\u05df \u05d2&#039;\u05dc (\u05d0\u05e8\u05d1\u05e2 \u05d9\u05d7\u05d9\u05d3\u05d5\u05ea \u05d1\u05d0\u05e8\u05d9\u05d6\u05d4) \u05dc\u05e8\u05db\u05d9\u05e9\u05d4 \u05d1\u05e0\u05e4\u05e8\u05d3\" srcset=\"https:\/\/silonit.co.il\/wp-content\/uploads\/sites\/31\/2017\/03\/4-capsol-1-300x300.png 300w, https:\/\/silonit.co.il\/wp-content\/uploads\/sites\/31\/2017\/03\/4-capsol-1-150x150.png 150w, https:\/\/silonit.co.il\/wp-content\/uploads\/sites\/31\/2017\/03\/4-capsol-1-100x100.png 100w\" sizes=\"auto, (max-width: 300px) 100vw, 300px\" \/><\/div>\n\t\t\t\t\t<div class=\"wc-block-grid__product-title\">4 paquets de capsules de gel Jet (quatre unit\u00e9s par paquet) \u00e0 acheter s\u00e9par\u00e9ment<\/div>\n\t\t\t\t<\/a>\n\t\t\t\t<div class=\"wc-block-grid__product-price price\"><span class=\"woocommerce-Price-amount amount\">200&nbsp;<span class=\"woocommerce-Price-currencySymbol\">\u20aa<\/span><\/span><\/div>\n\t\t\t\t\n\t\t\t\t<div class=\"wp-block-button wc-block-grid__product-add-to-cart\"><a href=\"\/fr\/wp-json\/wp\/v2\/pages\/6?add-to-cart=15693\" aria-label=\"Ajouter au panier\u00a0: \u201c4 \u05d7\u05d1\u05d9\u05dc\u05d5\u05ea \u05e7\u05e4\u05e1\u05d5\u05dc\u05d5\u05ea \u05e1\u05d9\u05dc\u05d5\u05df \u05d2&#039;\u05dc (\u05d0\u05e8\u05d1\u05e2 \u05d9\u05d7\u05d9\u05d3\u05d5\u05ea \u05d1\u05d0\u05e8\u05d9\u05d6\u05d4) \u05dc\u05e8\u05db\u05d9\u05e9\u05d4 \u05d1\u05e0\u05e4\u05e8\u05d3\u201d\" data-quantity=\"1\" data-product_id=\"15693\" data-product_sku=\"\" data-price=\"200\" rel=\"nofollow\" class=\"wp-block-button__link wp-element-button add_to_cart_button ajax_add_to_cart\" data-no-translation=\"\" data-trp-gettext=\"\" data-no-translation-aria-label=\"\">Ajouter au panier<\/a><\/div>\n\t\t\t<\/li><li class=\"wc-block-grid__product\">\n\t\t\t\t<a href=\"https:\/\/silonit.co.il\/fr\/produit\/%d7%a1%d7%99%d7%9c%d7%95%d7%a0%d7%99%d7%aa-%d7%9e%d7%a9%d7%a4%d7%97%d7%aa%d7%99%d7%aa-%d7%91%d7%97%d7%99%d7%91%d7%95%d7%a8-%d7%a7%d7%91%d7%95%d7%a2\/\" class=\"wc-block-grid__product-link\">\n\t\t\t\t\t\n\t\t\t\t\t<div class=\"wc-block-grid__product-image\"><img loading=\"lazy\" decoding=\"async\" width=\"300\" height=\"300\" src=\"https:\/\/silonit.co.il\/wp-content\/uploads\/sites\/31\/2017\/03\/cropped-s-300x300.jpg\" class=\"attachment-woocommerce_thumbnail size-woocommerce_thumbnail\" alt=\"\u05e1\u05d9\u05dc\u05d5\u05e0\u05d9\u05ea \u05de\u05e9\u05e4\u05d7\u05ea\u05d9\u05ea \u05d1\u05d7\u05d9\u05d1\u05d5\u05e8 \u05e7\u05d1\u05d5\u05e2\" srcset=\"https:\/\/silonit.co.il\/wp-content\/uploads\/sites\/31\/2017\/03\/cropped-s-300x300.jpg 300w, https:\/\/silonit.co.il\/wp-content\/uploads\/sites\/31\/2017\/03\/cropped-s-150x150.jpg 150w, https:\/\/silonit.co.il\/wp-content\/uploads\/sites\/31\/2017\/03\/cropped-s-100x100.jpg 100w, https:\/\/silonit.co.il\/wp-content\/uploads\/sites\/31\/2017\/03\/cropped-s.jpg 512w\" sizes=\"auto, (max-width: 300px) 100vw, 300px\" \/><\/div>\n\t\t\t\t\t<div class=\"wc-block-grid__product-title\">Jet familial avec correspondance permanente<\/div>\n\t\t\t\t<\/a>\n\t\t\t\t<div class=\"wc-block-grid__product-price price\"><span class=\"woocommerce-Price-amount amount\">250&nbsp;<span class=\"woocommerce-Price-currencySymbol\">\u20aa<\/span><\/span><\/div>\n\t\t\t\t\n\t\t\t\t<div class=\"wp-block-button wc-block-grid__product-add-to-cart\"><a href=\"\/fr\/wp-json\/wp\/v2\/pages\/6?add-to-cart=15692\" aria-label=\"Ajouter au panier\u00a0: \u201c\u05e1\u05d9\u05dc\u05d5\u05e0\u05d9\u05ea \u05de\u05e9\u05e4\u05d7\u05ea\u05d9\u05ea \u05d1\u05d7\u05d9\u05d1\u05d5\u05e8 \u05e7\u05d1\u05d5\u05e2\u201d\" data-quantity=\"1\" data-product_id=\"15692\" data-product_sku=\"\" data-price=\"250\" rel=\"nofollow\" class=\"wp-block-button__link wp-element-button add_to_cart_button ajax_add_to_cart\" data-no-translation=\"\" data-trp-gettext=\"\" data-no-translation-aria-label=\"\">Ajouter au panier<\/a><\/div>\n\t\t\t<\/li><li class=\"wc-block-grid__product\">\n\t\t\t\t<a href=\"https:\/\/silonit.co.il\/fr\/produit\/%d7%a1%d7%99%d7%9c%d7%95%d7%a0%d7%99%d7%aa-%d7%9e%d7%a9%d7%a4%d7%97%d7%aa%d7%99%d7%aa-%d7%91%d7%97%d7%99%d7%91%d7%95%d7%a8-%d7%a0%d7%a9%d7%9c%d7%a3\/\" class=\"wc-block-grid__product-link\">\n\t\t\t\t\t\n\t\t\t\t\t<div class=\"wc-block-grid__product-image\"><img loading=\"lazy\" decoding=\"async\" width=\"240\" height=\"250\" src=\"https:\/\/silonit.co.il\/wp-content\/uploads\/sites\/31\/2017\/03\/3-1.png\" class=\"attachment-woocommerce_thumbnail size-woocommerce_thumbnail\" alt=\"\u05e1\u05d9\u05dc\u05d5\u05e0\u05d9\u05ea \u05de\u05e9\u05e4\u05d7\u05ea\u05d9\u05ea \u05d1\u05d7\u05d9\u05d1\u05d5\u05e8 \u05e0\u05e9\u05dc\u05e3\" \/><\/div>\n\t\t\t\t\t<div class=\"wc-block-grid__product-title\">Jet familial avec connexion amovible<\/div>\n\t\t\t\t<\/a>\n\t\t\t\t<div class=\"wc-block-grid__product-price price\"><span class=\"woocommerce-Price-amount amount\">179&nbsp;<span class=\"woocommerce-Price-currencySymbol\">\u20aa<\/span><\/span><\/div>\n\t\t\t\t\n\t\t\t\t<div class=\"wp-block-button wc-block-grid__product-add-to-cart\"><a href=\"\/fr\/wp-json\/wp\/v2\/pages\/6?add-to-cart=15691\" aria-label=\"Ajouter au panier\u00a0: \u201c\u05e1\u05d9\u05dc\u05d5\u05e0\u05d9\u05ea \u05de\u05e9\u05e4\u05d7\u05ea\u05d9\u05ea \u05d1\u05d7\u05d9\u05d1\u05d5\u05e8 \u05e0\u05e9\u05dc\u05e3\u201d\" data-quantity=\"1\" data-product_id=\"15691\" data-product_sku=\"\" data-price=\"179\" rel=\"nofollow\" class=\"wp-block-button__link wp-element-button add_to_cart_button ajax_add_to_cart\" data-no-translation=\"\" data-trp-gettext=\"\" data-no-translation-aria-label=\"\">Ajouter au panier<\/a><\/div>\n\t\t\t<\/li><\/ul><\/div><\/div>\n<\/div>","protected":false},"excerpt":{"rendered":"","protected":false},"author":1003,"featured_media":0,"parent":0,"menu_order":0,"comment_status":"closed","ping_status":"closed","template":"","meta":{"_joinchat":[],"footnotes":""},"class_list":["post-6","page","type-page","status-publish","hentry"],"_links":{"self":[{"href":"https:\/\/silonit.co.il\/fr\/wp-json\/wp\/v2\/pages\/6","targetHints":{"allow":["GET"]}}],"collection":[{"href":"https:\/\/silonit.co.il\/fr\/wp-json\/wp\/v2\/pages"}],"about":[{"href":"https:\/\/silonit.co.il\/fr\/wp-json\/wp\/v2\/types\/page"}],"author":[{"embeddable":true,"href":"https:\/\/silonit.co.il\/fr\/wp-json\/wp\/v2\/users\/1003"}],"replies":[{"embeddable":true,"href":"https:\/\/silonit.co.il\/fr\/wp-json\/wp\/v2\/comments?post=6"}],"version-history":[{"count":1,"href":"https:\/\/silonit.co.il\/fr\/wp-json\/wp\/v2\/pages\/6\/revisions"}],"predecessor-version":[{"id":15761,"href":"https:\/\/silonit.co.il\/fr\/wp-json\/wp\/v2\/pages\/6\/revisions\/15761"}],"wp:attachment":[{"href":"https:\/\/silonit.co.il\/fr\/wp-json\/wp\/v2\/media?parent=6"}],"curies":[{"name":"wp","href":"https:\/\/api.w.org\/{rel}","templated":true}]}}