{"id":15755,"date":"2025-07-22T23:34:10","date_gmt":"2025-07-22T20:34:10","guid":{"rendered":"https:\/\/ms.atarim.top\/silonit\/?page_id=15755"},"modified":"2025-07-22T23:34:11","modified_gmt":"2025-07-22T20:34:11","slug":"%d7%9e%d7%97%d7%a7%d7%a8-%d7%a2%d7%9c-%d7%9e%d7%9b%d7%a9%d7%99%d7%a8-%d7%94%d7%a1%d7%99%d7%9c%d7%95%d7%a0%d7%99%d7%aa-%d7%a9%d7%9c-%d7%93%d7%a8-%d7%91%d7%a0%d7%99-%d7%9b%d7%94%d7%9f","status":"publish","type":"page","link":"https:\/\/silonit.co.il\/fr\/%d7%9e%d7%97%d7%a7%d7%a8-%d7%a2%d7%9c-%d7%9e%d7%9b%d7%a9%d7%99%d7%a8-%d7%94%d7%a1%d7%99%d7%9c%d7%95%d7%a0%d7%99%d7%aa-%d7%a9%d7%9c-%d7%93%d7%a8-%d7%91%d7%a0%d7%99-%d7%9b%d7%94%d7%9f\/","title":{"rendered":"Recherches sur le dispositif \u00e0 r\u00e9action du Dr Benny Cohen"},"content":{"rendered":"<p>Le \u00ab\u00a0jet\u00a0\u00bb est un appareil de nettoyage des dents et de la cavit\u00e9 buccale, d\u00e9velopp\u00e9 par le Dr Benny Cohen, dentiste. Il est con\u00e7u pour offrir une solution avanc\u00e9e et efficace au maintien de l&#039;hygi\u00e8ne bucco-dentaire, \u00e0 la pr\u00e9vention des infections, des maladies, de la douleur et de la mauvaise haleine, ainsi qu&#039;au traitement des probl\u00e8mes existants.<\/p>\n\n\n\n<h3 class=\"wp-block-heading\">D\u00e9veloppement et soci\u00e9t\u00e9<\/h3>\n\n\n\n<p>Le kit Jet est issu du d\u00e9veloppement de la soci\u00e9t\u00e9 \u00ab\u00a0Dachotean\u00a0\u00bb, fond\u00e9e par le Dr Benny Cohen en 2006. L&#039;objectif de l&#039;entreprise est de fournir des solutions de qualit\u00e9 \u00e0 tous en mati\u00e8re d&#039;hygi\u00e8ne bucco-dentaire. Le Dr Cohen a men\u00e9 de nombreuses \u00e9tudes qui ont conclu que seule une \u00e9limination compl\u00e8te des d\u00e9bris alimentaires des gencives, des dents et des espaces interdentaires permet de prot\u00e9ger les implants existants, de pr\u00e9venir les caries et autres probl\u00e8mes bucco-dentaires. Le dispositif Jet a \u00e9t\u00e9 d\u00e9velopp\u00e9 sur la base de ces \u00e9tudes.<\/p>\n\n\n\n<h3 class=\"wp-block-heading\">Mode de fonctionnement<\/h3>\n\n\n\n<p>Le Jet est un appareil avanc\u00e9 dot\u00e9 d&#039;une buse se connectant au robinet d&#039;eau de votre domicile. Il produit un jet d&#039;eau fin et pr\u00e9cis qui nettoie en profondeur les dents, les gencives et les espaces interdentaires. Cet appareil offre des r\u00e9sultats scientifiquement prouv\u00e9s pour une meilleure hygi\u00e8ne bucco-dentaire. Son raccordement au robinet est simple, son utilisation est intuitive et les r\u00e9sultats sont visibles rapidement.<\/p>\n\n\n\n<h3 class=\"wp-block-heading\">Avantages et utilisations<\/h3>\n\n\n\n<p>\u2022 Nettoyage en profondeur : le jet \u00e9limine les d\u00e9bris alimentaires et les bact\u00e9ries des espaces entre les dents, sous les ponts et les couronnes, ainsi que des poches gingivales.<\/p>\n\n\n\n<p>\u2022 Pr\u00e9venir les probl\u00e8mes : L\u2019utilisation quotidienne du jet aide \u00e0 pr\u00e9venir la carie dentaire, les cavit\u00e9s, les maladies des gencives, la r\u00e9cession gingivale et l\u2019accumulation de tartre.<\/p>\n\n\n\n<p>\u2022Traitement des probl\u00e8mes existants : L\u2019appareil aide \u00e0 gu\u00e9rir les infections des gencives, les poches et la r\u00e9cession gingivale.<\/p>\n\n\n\n<p>\u2022 Fra\u00eecheur et odeur buccale : Contribue \u00e0 une sensation de propret\u00e9 et de fra\u00eecheur parfaite, et pr\u00e9vient la mauvaise haleine.<\/p>\n\n\n\n<p>\u2022 Facile et pratique \u00e0 utiliser : connexion simple au robinet d&#039;eau domestique, sans besoin de piles ni d&#039;\u00e9lectricit\u00e9.<\/p>\n\n\n\n<h3 class=\"wp-block-heading\">distribution<\/h3>\n\n\n\n<p>L&#039;appareil Jet est actuellement distribu\u00e9 \u00e0 des milliers de dentistes et d&#039;hygi\u00e9nistes dentaires, ainsi qu&#039;\u00e0 la plupart des cha\u00eenes de pharmacies, pharmacies et caisses d&#039;assurance maladie en Isra\u00ebl, et dans de nombreux pays. Il est disponible \u00e0 l&#039;achat sur le site web de l&#039;entreprise ou dans divers points de vente.<\/p>\n\n\n\n<h3 class=\"wp-block-heading\">\u00c9tudes et recommandations<\/h3>\n\n\n\n<p>L&#039;entreprise poursuit ses recherches sur l&#039;hygi\u00e8ne bucco-dentaire et d\u00e9veloppe des innovations et des mises \u00e0 jour pour le jet. Sur son site web, vous trouverez des t\u00e9moignages et des \u00e9tudes confirmant l&#039;efficacit\u00e9 de l&#039;appareil, ainsi que des recommandations de dentistes et d&#039;utilisateurs.<\/p>","protected":false},"excerpt":{"rendered":"<p>\u05d4\"\u05e1\u05d9\u05dc\u05d5\u05e0\u05d9\u05ea\" \u05d4\u05d9\u05d0 \u05de\u05db\u05e9\u05d9\u05e8 \u05dc\u05e0\u05d9\u05e7\u05d5\u05d9 \u05e9\u05d9\u05e0\u05d9\u05d9\u05dd \u05d5\u05d7\u05dc\u05dc \u05d4\u05e4\u05d4, \u05e9\u05e4\u05d5\u05ea\u05d7 \u05e2\u05dc \u05d9\u05d3\u05d9 \u05e8\u05d5\u05e4\u05d0 \u05d4\u05e9\u05d9\u05e0\u05d9\u05d9\u05dd \u05d3\"\u05e8 \u05d1\u05e0\u05d9 \u05db\u05d4\u05df. \u05d4\u05de\u05db\u05e9\u05d9\u05e8 \u05e0\u05d5\u05e2\u05d3 \u05dc\u05e1\u05e4\u05e7 \u05e4\u05ea\u05e8\u05d5\u05df \u05de\u05ea\u05e7\u05d3\u05dd \u05d5\u05d9\u05e2\u05d9\u05dc \u05dc\u05e9\u05de\u05d9\u05e8\u05d4 \u05e2\u05dc \u05d4\u05d9\u05d2\u05d9\u05d9\u05e0\u05ea \u05d4\u05e4\u05d4, \u05dc\u05de\u05e0\u05d9\u05e2\u05ea \u05d3\u05dc\u05e7\u05d5\u05ea, \u05de\u05d7\u05dc\u05d5\u05ea, \u05db\u05d0\u05d1\u05d9\u05dd \u05d5\u05e8\u05d9\u05d7 \u05e8\u05e2 \u05de\u05d4\u05e4\u05d4, \u05d5\u05db\u05df \u05dc\u05d8\u05d9\u05e4\u05d5\u05dc \u05d1\u05d1\u05e2\u05d9\u05d5\u05ea \u05e7\u05d9\u05d9\u05de\u05d5\u05ea. \u05e4\u05d9\u05ea\u05d5\u05d7 \u05d5\u05d7\u05d1\u05e8\u05d4 \u05e2\u05e8\u05db\u05ea \u05d4\u05e1\u05d9\u05dc\u05d5\u05e0\u05d9\u05ea \u05d4\u05d9\u05d0 \u05e4\u05e8\u05d9 \u05e4\u05d9\u05ea\u05d5\u05d7\u05d4 \u05e9\u05dc \u05d7\u05d1\u05e8\u05ea \"\u05d3\u05db\u05d5\u05d8\u05df\", \u05e9\u05d4\u05d5\u05e7\u05de\u05d4 \u05e2\u05dc \u05d9\u05d3\u05d9 \u05d3\"\u05e8 \u05d1\u05e0\u05d9 \u05db\u05d4\u05df \u05d1\u05e9\u05e0\u05ea 2006. \u05de\u05d8\u05e8\u05ea [&hellip;]<\/p>\n","protected":false},"author":1003,"featured_media":14380,"parent":0,"menu_order":0,"comment_status":"closed","ping_status":"closed","template":"","meta":{"_joinchat":[],"footnotes":""},"class_list":["post-15755","page","type-page","status-publish","has-post-thumbnail","hentry"],"_links":{"self":[{"href":"https:\/\/silonit.co.il\/fr\/wp-json\/wp\/v2\/pages\/15755","targetHints":{"allow":["GET"]}}],"collection":[{"href":"https:\/\/silonit.co.il\/fr\/wp-json\/wp\/v2\/pages"}],"about":[{"href":"https:\/\/silonit.co.il\/fr\/wp-json\/wp\/v2\/types\/page"}],"author":[{"embeddable":true,"href":"https:\/\/silonit.co.il\/fr\/wp-json\/wp\/v2\/users\/1003"}],"replies":[{"embeddable":true,"href":"https:\/\/silonit.co.il\/fr\/wp-json\/wp\/v2\/comments?post=15755"}],"version-history":[{"count":1,"href":"https:\/\/silonit.co.il\/fr\/wp-json\/wp\/v2\/pages\/15755\/revisions"}],"predecessor-version":[{"id":15756,"href":"https:\/\/silonit.co.il\/fr\/wp-json\/wp\/v2\/pages\/15755\/revisions\/15756"}],"wp:featuredmedia":[{"embeddable":true,"href":"https:\/\/silonit.co.il\/fr\/wp-json\/wp\/v2\/media\/14380"}],"wp:attachment":[{"href":"https:\/\/silonit.co.il\/fr\/wp-json\/wp\/v2\/media?parent=15755"}],"curies":[{"name":"wp","href":"https:\/\/api.w.org\/{rel}","templated":true}]}}