{"id":15700,"date":"2025-06-08T22:09:02","date_gmt":"2025-06-08T19:09:02","guid":{"rendered":"https:\/\/ms.atarim.top\/silonit\/?page_id=15700"},"modified":"2025-06-08T22:12:48","modified_gmt":"2025-06-08T19:12:48","slug":"%d7%90%d7%95%d7%93%d7%95%d7%aa-%d7%93%d7%9b%d7%95%d7%98%d7%9f","status":"publish","type":"page","link":"https:\/\/silonit.co.il\/fr\/%d7%90%d7%95%d7%93%d7%95%d7%aa-%d7%93%d7%9b%d7%95%d7%98%d7%9f\/","title":{"rendered":"\u00c0 propos de Dakotan"},"content":{"rendered":"<p><strong>Notre histoire<\/strong><\/p>\n\n\n\n<p>Au cours de ses 20 ann\u00e9es de travail en tant que dentiste, le Dr Benny Cohen est arriv\u00e9 \u00e0 la conclusion que la grande majorit\u00e9 des maladies dentaires et des gencives sont caus\u00e9es par un manque d&#039;attention \u00e0 l&#039;hygi\u00e8ne bucco-dentaire.<br>Cette compr\u00e9hension l&#039;a amen\u00e9 \u00e0 imaginer un produit permettant de maintenir une hygi\u00e8ne bucco-dentaire optimale, sans effort, et ainsi de pr\u00e9venir et de traiter la plupart des affections dentaires, gingivales et bucco-dentaires. De cette vision est n\u00e9e en 2007 Dachoten, l&#039;unique fabricant et distributeur du jet original.<\/p>\n\n\n\n<p>Le jet d&#039;eau fin et pr\u00e9cis pulv\u00e9ris\u00e9 par l&#039;appareil nettoie parfaitement les dents, les espaces entre elles et les gencives, le tout en une minute seulement.<br>Lorsque le Dr Cohen a donn\u00e9 l\u2019appareil \u00e0 ses patients pour tester si son id\u00e9e fonctionnait, les r\u00e9actions ont \u00e9t\u00e9 particuli\u00e8rement encourageantes.<br>La grande majorit\u00e9 des patients ont signal\u00e9 une am\u00e9lioration significative de l\u2019\u00e9tat de leurs dents et de leurs gencives apr\u00e8s une utilisation quotidienne, en quelques semaines.<br>Les rumeurs se sont r\u00e9pandues de bouche \u00e0 oreille et la demande pour le jet a augment\u00e9 de jour en jour.<\/p>\n\n\n\n<h3 class=\"wp-block-heading\"><strong>aujourd&#039;hui<\/strong><\/h3>\n\n\n\n<p>Aujourd\u2019hui, Silonit est commercialis\u00e9 dans de nombreuses cliniques dentaires, caisses d\u2019assurance maladie, cha\u00eenes de pharmacies et pharmacies priv\u00e9es dans tout le pays.<br>Il compte plus de 300\u00a0000 utilisateurs satisfaits. Malgr\u00e9 ce succ\u00e8s, le Dr Cohen et l&#039;\u00e9quipe Dachoten continuent de travailler sans rel\u00e2che \u00e0 l&#039;am\u00e9lioration et \u00e0 la rationalisation de l&#039;appareil et de ses produits.<br>Et de d\u00e9velopper des produits suppl\u00e9mentaires qui aideront \u00e0 la r\u00e9habilitation bucco-dentaire et au maintien de l\u2019hygi\u00e8ne bucco-dentaire.<\/p>","protected":false},"excerpt":{"rendered":"<p>\u05d4\u05e1\u05d9\u05e4\u05d5\u05e8 \u05e9\u05dc\u05e0\u05d5 \u05d1\u05de\u05d4\u05dc\u05da 20 \u05e9\u05e0\u05d5\u05ea \u05e2\u05d1\u05d5\u05d3\u05ea\u05d5 \u05e9\u05dc \u05d3\"\u05e8 \u05d1\u05e0\u05d9 \u05db\u05d4\u05df \u05db\u05e8\u05d5\u05e4\u05d0 \u05e9\u05d9\u05e0\u05d9\u05d9\u05dd, \u05d4\u05d2\u05d9\u05e2 \u05dc\u05de\u05e1\u05e7\u05e0\u05d4 \u05e9\u05e8\u05d5\u05d1\u05df \u05d4\u05de\u05d5\u05d7\u05dc\u05d8 \u05e9\u05dc \u05de\u05d7\u05dc\u05d5\u05ea \u05d4\u05e9\u05d9\u05e0\u05d9\u05d9\u05dd \u05d5\u05d4\u05d7\u05e0\u05d9\u05db\u05d9\u05d9\u05dd \u05e0\u05d2\u05e8\u05dd \u05db\u05ea\u05d5\u05e6\u05d0\u05d4 \u05de\u05d7\u05d5\u05e1\u05e8 \u05d4\u05e7\u05e4\u05d3\u05d4 \u05e2\u05dc \u05d4\u05d9\u05d2\u05d9\u05d9\u05e0\u05ea \u05d4\u05e4\u05d4.\u05d4\u05d1\u05e0\u05d4 \u05d6\u05d5 \u05d4\u05d1\u05d9\u05d0\u05d4 \u05d0\u05d5\u05ea\u05d5 \u05dc\u05d7\u05e9\u05d5\u05d1 \u05e2\u05dc \u05de\u05d5\u05e6\u05e8, \u05e9\u05d9\u05d0\u05e4\u05e9\u05e8 \u05dc\u05d0\u05e0\u05e9\u05d9\u05dd \u05dc\u05e9\u05de\u05d5\u05e8 \u05e2\u05dc \u05e8\u05de\u05d4 \u05d2\u05d1\u05d5\u05d4\u05d4 \u05e9\u05dc \u05d4\u05d9\u05d2\u05d9\u05d9\u05e0\u05ea \u05e4\u05d4, \u05de\u05d1\u05dc\u05d9 \u05dc\u05d4\u05e9\u05e7\u05d9\u05e2 \u05de\u05d0\u05de\u05e5, \u05d5\u05d1\u05db\u05da \u05dc\u05de\u05e0\u05d5\u05e2 \u05d5\u05dc\u05d8\u05e4\u05dc \u05d1\u05e8\u05d5\u05d1 \u05de\u05d7\u05dc\u05d5\u05ea \u05d4\u05e9\u05d9\u05e0\u05d9\u05d9\u05dd, \u05d4\u05d7\u05e0\u05d9\u05db\u05d9\u05d9\u05dd \u05d5\u05d7\u05dc\u05dc \u05d4\u05e4\u05d4. \u05de\u05ea\u05d5\u05da [&hellip;]<\/p>\n","protected":false},"author":1003,"featured_media":15701,"parent":0,"menu_order":0,"comment_status":"closed","ping_status":"closed","template":"","meta":{"_joinchat":[],"footnotes":""},"class_list":["post-15700","page","type-page","status-publish","has-post-thumbnail","hentry"],"_links":{"self":[{"href":"https:\/\/silonit.co.il\/fr\/wp-json\/wp\/v2\/pages\/15700","targetHints":{"allow":["GET"]}}],"collection":[{"href":"https:\/\/silonit.co.il\/fr\/wp-json\/wp\/v2\/pages"}],"about":[{"href":"https:\/\/silonit.co.il\/fr\/wp-json\/wp\/v2\/types\/page"}],"author":[{"embeddable":true,"href":"https:\/\/silonit.co.il\/fr\/wp-json\/wp\/v2\/users\/1003"}],"replies":[{"embeddable":true,"href":"https:\/\/silonit.co.il\/fr\/wp-json\/wp\/v2\/comments?post=15700"}],"version-history":[{"count":1,"href":"https:\/\/silonit.co.il\/fr\/wp-json\/wp\/v2\/pages\/15700\/revisions"}],"predecessor-version":[{"id":15702,"href":"https:\/\/silonit.co.il\/fr\/wp-json\/wp\/v2\/pages\/15700\/revisions\/15702"}],"wp:featuredmedia":[{"embeddable":true,"href":"https:\/\/silonit.co.il\/fr\/wp-json\/wp\/v2\/media\/15701"}],"wp:attachment":[{"href":"https:\/\/silonit.co.il\/fr\/wp-json\/wp\/v2\/media?parent=15700"}],"curies":[{"name":"wp","href":"https:\/\/api.w.org\/{rel}","templated":true}]}}